{"id":457,"date":"2024-09-24T17:22:11","date_gmt":"2024-09-24T17:22:11","guid":{"rendered":"https:\/\/svmsrl.com\/es\/?page_id=457"},"modified":"2025-09-29T17:21:12","modified_gmt":"2025-09-29T17:21:12","slug":"sobre-nosotros","status":"publish","type":"page","link":"https:\/\/svmsrl.com\/es\/index.php\/sobre-nosotros\/","title":{"rendered":"Sobre Nosotros"},"content":{"rendered":"\n    \n    <section class=\"u-clearfix u-grey-5 u-section-2\" id=\"sec-e5d6\">\n      <div class=\"u-clearfix u-sheet u-sheet-1\">\n        <div class=\"u-container-style u-expanded-width-md u-expanded-width-sm u-expanded-width-xs u-group u-similar-fill u-group-1\">\n          <div class=\"u-container-layout u-container-layout-1\">\n            <h2 class=\"u-align-center u-custom-font u-font-patua-one u-text u-text-custom-color-3 u-text-1\"> Sobre Nosotros <\/h2>\n          <\/div>\n        <\/div>\n        <div class=\"u-clearfix u-expanded-width u-gutter-20 u-layout-wrap u-layout-wrap-1\">\n          <div class=\"u-layout\">\n            <div class=\"u-layout-row\">\n              <div class=\"u-size-29 u-size-30-md\">\n                <div class=\"u-layout-col\">\n                  <div class=\"u-container-style u-layout-cell u-left-cell u-size-20 u-layout-cell-1\">\n                    <div class=\"u-container-layout u-valign-top\">\n                      <h3 class=\"u-custom-font u-font-patua-one u-text u-text-custom-color-1 u-text-2\"> Historia<\/h3>\n                      <p class=\"u-text u-text-3\"> SVM fue fundada en 2021. Gracias a los m\u00e1s de\ntreinta a\u00f1os de experiencia de sus socios, adquirida en el sectore comercial y\nde los talleres mec\u00e1nicos, la empresa es capaz de satisfacer eficazmente cada\nsolicitud y necesidad del cliente, con la experiencia t\u00e9cnica, productiva y\ncomercial necesaria. <\/p>\n                    <\/div>\n                  <\/div>\n                  <div class=\"u-container-style u-layout-cell u-left-cell u-size-20 u-layout-cell-2\">\n                    <div class=\"u-container-layout\">\n                      <h3 class=\"u-custom-font u-font-patua-one u-text u-text-custom-color-1 u-text-4\"> La\nMisi\u00f3n<\/h3>\n                      <p class=\"u-text u-text-5\"> Crecer, ofreciendo servicios de calidad, con la\njusta disposici\u00f3n a escuchar, a la flexibilidad, fiabilidad e innovaci\u00f3n. Hacer\nde nuestros clientes nuestros socios en nombre de la innovaci\u00f3n, el respeto y\nla equidad mutua. <\/p>\n                    <\/div>\n                  <\/div>\n                  <div class=\"u-container-style u-layout-cell u-left-cell u-size-20 u-layout-cell-3\">\n                    <div class=\"u-container-layout\">\n                      <h3 class=\"u-custom-font u-font-patua-one u-text u-text-custom-color-1 u-text-6\"> La\nVisi\u00f3n<\/h3>\n                      <p class=\"u-text u-text-7\"> Los\nrecursos humanos son el verdadero factor de \u00e9xito de cada equipo y empresa y\npara nosotros son la base fundament\u00e1l de nuestro crecimiento. <\/p>\n                    <\/div>\n                  <\/div>\n                <\/div>\n              <\/div>\n              <div class=\"u-size-17 u-size-30-md\">\n                <div class=\"u-layout-row\">\n                  <div class=\"u-container-style u-image u-layout-cell u-size-60 u-image-1\" data-image-width=\"643\" data-image-height=\"857\" style=\"background-image: url(&quot;https:\/\/svmsrl.com\/es\/wp-content\/uploads\/2024\/09\/Immagine1.jpg&quot;);\">\n                    <div class=\"u-container-layout\"><\/div>\n                  <\/div>\n                <\/div>\n              <\/div>\n              <div class=\"u-size-14 u-size-60-md\">\n                <div class=\"u-layout-col\">\n                  <div class=\"u-container-style u-layout-cell u-right-cell u-size-20 u-layout-cell-5\">\n                    <div class=\"u-container-layout\">\n                      <h3 class=\"u-custom-font u-font-patua-one u-text u-text-custom-color-1 u-text-8\"> Capacidad<\/h3>\n                      <p class=\"u-text u-text-9\"> Nuestra flexibilidad es una de nuestras\nfuerzas motrices. Somos capaces de adaptarnos r\u00e1pidamente a los cambios del\nmercado y a las demandas de los clientes, garantizando un servicio eficiente y\nsoluciones tempestivas. <\/p>\n                    <\/div>\n                  <\/div>\n                  <div class=\"u-container-style u-layout-cell u-right-cell u-size-20 u-layout-cell-6\">\n                    <div class=\"u-container-layout u-valign-top\">\n                      <h3 class=\"u-custom-font u-font-patua-one u-text u-text-custom-color-1 u-text-10\"> Experiencia<\/h3>\n                      <p class=\"u-text u-text-11\"> Nuestra\nexperiencia en diferentes sectores, nos permite ofrecer soluciones de ultima\ngeneracion que satisfacen las necesidades en constante evoluci\u00f3n de nuestros\nclientes. <\/p>\n                    <\/div>\n                  <\/div>\n                  <div class=\"u-container-style u-layout-cell u-right-cell u-size-20 u-layout-cell-7\">\n                    <div class=\"u-container-layout\">\n                      <h3 class=\"u-custom-font u-font-patua-one u-text u-text-custom-color-1 u-text-12\"> Calidad<\/h3>\n                      <p class=\"u-text u-text-13\"> Cada\nsoluci\u00f3n que creamos es sometida a estrictos controles de calidad para\ngarantizar que cumpla con los m\u00e1s altos est\u00e1ndares. Invertimos constantemente\nen capacitaci\u00f3n y desarrollo de habilidades para mantenernos actualizados con\nlas \u00faltimas tecnolog\u00edas y metodolog\u00edas de la industria. <\/p>\n                    <\/div>\n                  <\/div>\n                <\/div>\n              <\/div>\n            <\/div>\n          <\/div>\n        <\/div>\n      <\/div>\n    <\/section>\n    \n    \n    \n  \n","protected":false},"excerpt":{"rendered":"<p>Sobre Nosotros Historia SVM fue fundada en 2021. Gracias a los m\u00e1s de treinta a\u00f1os de experiencia de sus socios, adquirida en el sectore comercial y de los talleres mec\u00e1nicos, la empresa es capaz de satisfacer eficazmente cada solicitud y necesidad del cliente, con la experiencia t\u00e9cnica, productiva y comercial necesaria. La Misi\u00f3n Crecer, ofreciendo &hellip; <a href=\"https:\/\/svmsrl.com\/es\/index.php\/sobre-nosotros\/\" class=\"more-link\">Continue reading<span class=\"screen-reader-text\"> &#8220;Sobre Nosotros&#8221;<\/span><\/a><\/p>\n","protected":false},"author":1,"featured_media":0,"parent":0,"menu_order":0,"comment_status":"closed","ping_status":"closed","template":"","meta":{"footnotes":""},"class_list":["post-457","page","type-page","status-publish","hentry"],"_links":{"self":[{"href":"https:\/\/svmsrl.com\/es\/index.php\/wp-json\/wp\/v2\/pages\/457","targetHints":{"allow":["GET"]}}],"collection":[{"href":"https:\/\/svmsrl.com\/es\/index.php\/wp-json\/wp\/v2\/pages"}],"about":[{"href":"https:\/\/svmsrl.com\/es\/index.php\/wp-json\/wp\/v2\/types\/page"}],"author":[{"embeddable":true,"href":"https:\/\/svmsrl.com\/es\/index.php\/wp-json\/wp\/v2\/users\/1"}],"replies":[{"embeddable":true,"href":"https:\/\/svmsrl.com\/es\/index.php\/wp-json\/wp\/v2\/comments?post=457"}],"version-history":[{"count":13,"href":"https:\/\/svmsrl.com\/es\/index.php\/wp-json\/wp\/v2\/pages\/457\/revisions"}],"predecessor-version":[{"id":756,"href":"https:\/\/svmsrl.com\/es\/index.php\/wp-json\/wp\/v2\/pages\/457\/revisions\/756"}],"wp:attachment":[{"href":"https:\/\/svmsrl.com\/es\/index.php\/wp-json\/wp\/v2\/media?parent=457"}],"curies":[{"name":"wp","href":"https:\/\/api.w.org\/{rel}","templated":true}]}}